{"id":106,"date":"2025-02-09T20:59:44","date_gmt":"2025-02-09T23:59:44","guid":{"rendered":"https:\/\/caminhodev.com.br\/?page_id=106"},"modified":"2025-02-09T20:59:45","modified_gmt":"2025-02-09T23:59:45","slug":"rust","status":"publish","type":"page","link":"https:\/\/caminhodev.com.br\/?page_id=106","title":{"rendered":"Rust"},"content":{"rendered":"\n<div class=\"wp-block-query is-layout-flow wp-block-query-is-layout-flow\"><ul class=\"wp-block-post-template is-layout-flow wp-block-post-template-is-layout-flow\"><li class=\"wp-block-post post-123 post type-post status-publish format-standard has-post-thumbnail hentry category-rust tag-100daysofcode tag-codenewbie tag-coding tag-codinglife tag-daysofcode tag-devcommunity tag-developer tag-learntocode tag-opensource tag-programming tag-programminglanguages tag-rustlang tag-rustlanguage tag-rustprogramming tag-softwaredevelopment tag-tech tag-techcommunity tag-webdevelopment\">\n\n<div class=\"wp-block-columns alignwide is-layout-flex wp-container-core-columns-is-layout-9d6595d7 wp-block-columns-is-layout-flex\">\n<div class=\"wp-block-column is-layout-flow wp-block-column-is-layout-flow\" style=\"flex-basis:66.66%\"><figure class=\"wp-block-post-featured-image\"><a href=\"https:\/\/caminhodev.com.br\/?p=123\" target=\"_self\"  ><img  title=\"\" loading=\"lazy\" decoding=\"async\" width=\"1200\" height=\"600\" src=\"https:\/\/caminhodev.com.br\/wp-content\/uploads\/2025\/02\/rust.png\" class=\"attachment-post-thumbnail size-post-thumbnail wp-post-image\"  alt=\"rust Rust\"  style=\"object-fit:cover;\" srcset=\"https:\/\/caminhodev.com.br\/wp-content\/uploads\/2025\/02\/rust.png 1200w, https:\/\/caminhodev.com.br\/wp-content\/uploads\/2025\/02\/rust-300x150.png 300w, https:\/\/caminhodev.com.br\/wp-content\/uploads\/2025\/02\/rust-1024x512.png 1024w, https:\/\/caminhodev.com.br\/wp-content\/uploads\/2025\/02\/rust-768x384.png 768w\" sizes=\"auto, (max-width: 1200px) 100vw, 1200px\" \/><\/a><\/figure><\/div>\n\n\n\n<div class=\"wp-block-column is-layout-flow wp-block-column-is-layout-flow\" style=\"flex-basis:33.33%\"><h2 class=\"wp-block-post-title\"><a href=\"https:\/\/caminhodev.com.br\/?p=123\" target=\"_self\" >Desbravando o Rust: Um Guia Completo para Iniciantes<\/a><\/h2>\n\n<div class=\"wp-block-post-excerpt\"><p class=\"wp-block-post-excerpt__excerpt\">Aprender uma nova linguagem de programa\u00e7\u00e3o pode ser desafiador, mas com os recursos e abordagens corretas, voc\u00ea pode tornar esse processo mais eficiente e agrad\u00e1vel. Rust, conhecida por sua seguran\u00e7a e desempenho, tem conquistado muitos desenvolvedores. Neste artigo, apresentaremos um guia pr\u00e1tico para iniciantes que desejam dar os primeiros passos em Rust, seguindo as melhores&hellip; <\/p><\/div><\/div>\n<\/div>\n\n<\/li><li class=\"wp-block-post post-103 post type-post status-publish format-standard has-post-thumbnail hentry category-rust tag-desempenho tag-desenvolvimento tag-linguagemdeprogramacao tag-programacao tag-rust tag-rustlang tag-rustprogramming tag-seguranca tag-sistemasembarcados\">\n\n<div class=\"wp-block-columns alignwide is-layout-flex wp-container-core-columns-is-layout-9d6595d7 wp-block-columns-is-layout-flex\">\n<div class=\"wp-block-column is-layout-flow wp-block-column-is-layout-flow\" style=\"flex-basis:66.66%\"><figure class=\"wp-block-post-featured-image\"><a href=\"https:\/\/caminhodev.com.br\/?p=103\" target=\"_self\"  ><img  title=\"\" loading=\"lazy\" decoding=\"async\" width=\"1200\" height=\"600\" src=\"https:\/\/caminhodev.com.br\/wp-content\/uploads\/2025\/02\/rust.png\" class=\"attachment-post-thumbnail size-post-thumbnail wp-post-image\"  alt=\"rust Rust\"  style=\"object-fit:cover;\" srcset=\"https:\/\/caminhodev.com.br\/wp-content\/uploads\/2025\/02\/rust.png 1200w, https:\/\/caminhodev.com.br\/wp-content\/uploads\/2025\/02\/rust-300x150.png 300w, https:\/\/caminhodev.com.br\/wp-content\/uploads\/2025\/02\/rust-1024x512.png 1024w, https:\/\/caminhodev.com.br\/wp-content\/uploads\/2025\/02\/rust-768x384.png 768w\" sizes=\"auto, (max-width: 1200px) 100vw, 1200px\" \/><\/a><\/figure><\/div>\n\n\n\n<div class=\"wp-block-column is-layout-flow wp-block-column-is-layout-flow\" style=\"flex-basis:33.33%\"><h2 class=\"wp-block-post-title\"><a href=\"https:\/\/caminhodev.com.br\/?p=103\" target=\"_self\" >\ud83d\ude80 Por que Usar Rust? Hist\u00f3ria, Vantagens e Como Instalar<\/a><\/h2>\n\n<div class=\"wp-block-post-excerpt\"><p class=\"wp-block-post-excerpt__excerpt\">Se voc\u00ea busca uma linguagem de programa\u00e7\u00e3o r\u00e1pida, segura e eficiente, o Rust \u00e9 uma das melhores escolhas dispon\u00edveis hoje. Neste artigo, vamos explorar a hist\u00f3ria do Rust, suas principais vantagens e como instal\u00e1-lo do zero. \ud83d\udcdc Hist\u00f3ria do Rust O Rust foi criado em 2006 por Graydon Hoare, enquanto trabalhava na Mozilla. O objetivo&hellip; <\/p><\/div><\/div>\n<\/div>\n\n<\/li><\/ul><\/div>\n","protected":false},"excerpt":{"rendered":"","protected":false},"author":1,"featured_media":0,"parent":0,"menu_order":0,"comment_status":"closed","ping_status":"closed","template":"","meta":{"om_disable_all_campaigns":false,"_monsterinsights_skip_tracking":false,"_monsterinsights_sitenote_active":false,"_monsterinsights_sitenote_note":"","_monsterinsights_sitenote_category":0,"footnotes":""},"class_list":["post-106","page","type-page","status-publish","hentry"],"aioseo_notices":[],"_links":{"self":[{"href":"https:\/\/caminhodev.com.br\/index.php?rest_route=\/wp\/v2\/pages\/106","targetHints":{"allow":["GET"]}}],"collection":[{"href":"https:\/\/caminhodev.com.br\/index.php?rest_route=\/wp\/v2\/pages"}],"about":[{"href":"https:\/\/caminhodev.com.br\/index.php?rest_route=\/wp\/v2\/types\/page"}],"author":[{"embeddable":true,"href":"https:\/\/caminhodev.com.br\/index.php?rest_route=\/wp\/v2\/users\/1"}],"replies":[{"embeddable":true,"href":"https:\/\/caminhodev.com.br\/index.php?rest_route=%2Fwp%2Fv2%2Fcomments&post=106"}],"version-history":[{"count":1,"href":"https:\/\/caminhodev.com.br\/index.php?rest_route=\/wp\/v2\/pages\/106\/revisions"}],"predecessor-version":[{"id":108,"href":"https:\/\/caminhodev.com.br\/index.php?rest_route=\/wp\/v2\/pages\/106\/revisions\/108"}],"wp:attachment":[{"href":"https:\/\/caminhodev.com.br\/index.php?rest_route=%2Fwp%2Fv2%2Fmedia&parent=106"}],"curies":[{"name":"wp","href":"https:\/\/api.w.org\/{rel}","templated":true}]}}